{"id":2048,"date":"2026-02-12T10:33:59","date_gmt":"2026-02-12T15:33:59","guid":{"rendered":"https:\/\/ciicis.ups.edu.ec\/?page_id=2048"},"modified":"2026-03-16T08:50:49","modified_gmt":"2026-03-16T13:50:49","slug":"easy-chair","status":"publish","type":"page","link":"https:\/\/ciicis.ups.edu.ec\/en\/easy-chair\/","title":{"rendered":"Easy Chair"},"content":{"rendered":"<div data-elementor-type=\"wp-page\" data-elementor-id=\"2048\" class=\"elementor elementor-2048\">\n\t\t\t\t<div class=\"elementor-element elementor-element-36d9f84 e-con-full e-flex e-con e-parent\" data-id=\"36d9f84\" data-element_type=\"container\" data-e-type=\"container\" data-settings=\"{&quot;background_background&quot;:&quot;classic&quot;}\">\n\t\t\t\t<div class=\"elementor-element elementor-element-bbd5af7 elementor-widget elementor-widget-text-editor\" data-id=\"bbd5af7\" data-element_type=\"widget\" data-e-type=\"widget\" data-widget_type=\"text-editor.default\">\n\t\t\t\t\t\t\t\t\t<p style=\"text-align: center\"><span style=\"color: #ffffff\">Env\u00edo de Propuesta Easy Chair<\/span><\/p>\t\t\t\t\t\t\t\t<\/div>\n\t\t\t\t<\/div>\n\t\t<div class=\"elementor-element elementor-element-dd48931 e-flex e-con-boxed e-con e-parent\" data-id=\"dd48931\" data-element_type=\"container\" data-e-type=\"container\">\n\t\t\t\t\t<div class=\"e-con-inner\">\n\t\t<div class=\"elementor-element elementor-element-7fec8a5 e-con-full e-flex e-con e-child\" data-id=\"7fec8a5\" data-element_type=\"container\" data-e-type=\"container\">\n\t\t\t\t<div class=\"elementor-element elementor-element-1a14248 elementor-widget elementor-widget-image\" data-id=\"1a14248\" data-element_type=\"widget\" data-e-type=\"widget\" data-widget_type=\"image.default\">\n\t\t\t\t\t\t\t\t\t\t\t\t\t\t\t<img decoding=\"async\" src=\"https:\/\/ciicis.ups.edu.ec\/wp-content\/uploads\/sites\/33\/2026\/02\/easy-chair.jpg\" title=\"easy-chair\" alt=\"easy-chair\" loading=\"lazy\" \/>\t\t\t\t\t\t\t\t\t\t\t\t\t\t\t<\/div>\n\t\t\t\t<\/div>\n\t\t<div class=\"elementor-element elementor-element-f350d55 e-con-full e-flex e-con e-child\" data-id=\"f350d55\" data-element_type=\"container\" data-e-type=\"container\">\n\t\t\t\t<div class=\"elementor-element elementor-element-004e390 elementor-widget elementor-widget-text-editor\" data-id=\"004e390\" data-element_type=\"widget\" data-e-type=\"widget\" data-widget_type=\"text-editor.default\">\n\t\t\t\t\t\t\t\t\t<div data-olk-copy-source=\"MessageBody\">Para asegurar su postulaci\u00f3n y evaluaci\u00f3n de su art\u00edculo, por favor, siga los siguientes pasos:\u00a0<\/div><div data-olk-copy-source=\"MessageBody\">\u00a0<\/div><div><b>1. Acceso al portal:\u00a0\u00a0<\/b>Ingrese al enlace oficial del congreso en EasyChair mediante el bot\u00f3n\u00a0<b>\u201cEnviar propuesta\u201d<\/b>.<\/div><div>\u00a0<\/div><div><b>2. Registro:\u00a0\u00a0<\/b>Si a\u00fan no tiene una cuenta, cree una con un correo institucional o personal vigente.<\/div><div><br \/><b>3. Carga de documentos:\u00a0\u00a0<\/b>Suba su manuscrito en formato\u00a0<b>PDF<\/b>, verificando que cumpla con la\u00a0<b>plantilla oficial del congreso<\/b>.<\/div>\t\t\t\t\t\t\t\t<\/div>\n\t\t\t\t<div class=\"elementor-element elementor-element-f742f44 elementor-align-center elementor-widget elementor-widget-button\" data-id=\"f742f44\" data-element_type=\"widget\" data-e-type=\"widget\" data-widget_type=\"button.default\">\n\t\t\t\t\t\t\t\t\t\t<a class=\"elementor-button elementor-button-link elementor-size-sm\" href=\"https:\/\/ciicis.ups.edu.ec\/wp-content\/uploads\/sites\/33\/2026\/03\/FRONTIERS.docx\" target=\"_blank\">\n\t\t\t\t\t\t<span class=\"elementor-button-content-wrapper\">\n\t\t\t\t\t\t<span class=\"elementor-button-icon\">\n\t\t\t\t<svg aria-hidden=\"true\" class=\"e-font-icon-svg e-fas-download\" viewbox=\"0 0 512 512\" xmlns=\"http:\/\/www.w3.org\/2000\/svg\"><path d=\"M216 0h80c13.3 0 24 10.7 24 24v168h87.7c17.8 0 26.7 21.5 14.1 34.1L269.7 378.3c-7.5 7.5-19.8 7.5-27.3 0L90.1 226.1c-12.6-12.6-3.7-34.1 14.1-34.1H192V24c0-13.3 10.7-24 24-24zm296 376v112c0 13.3-10.7 24-24 24H24c-13.3 0-24-10.7-24-24V376c0-13.3 10.7-24 24-24h146.7l49 49c20.1 20.1 52.5 20.1 72.6 0l49-49H488c13.3 0 24 10.7 24 24zm-124 88c0-11-9-20-20-20s-20 9-20 20 9 20 20 20 20-9 20-20zm64 0c0-11-9-20-20-20s-20 9-20 20 9 20 20 20 20-9 20-20z\"><\/path><\/svg>\t\t\t<\/span>\n\t\t\t\t\t\t\t\t\t<span class=\"elementor-button-text\">Frontiers<\/span>\n\t\t\t\t\t<\/span>\n\t\t\t\t\t<\/a>\n\t\t\t\t\t\t\t\t<\/div>\n\t\t\t\t<div class=\"elementor-element elementor-element-a91acc4 elementor-align-center elementor-widget elementor-widget-button\" data-id=\"a91acc4\" data-element_type=\"widget\" data-e-type=\"widget\" data-widget_type=\"button.default\">\n\t\t\t\t\t\t\t\t\t\t<a class=\"elementor-button elementor-button-link elementor-size-sm\" href=\"https:\/\/ciicis.ups.edu.ec\/wp-content\/uploads\/sites\/33\/2026\/03\/TIRANT-LO-BLANCH.docx\" target=\"_blank\">\n\t\t\t\t\t\t<span class=\"elementor-button-content-wrapper\">\n\t\t\t\t\t\t<span class=\"elementor-button-icon\">\n\t\t\t\t<svg aria-hidden=\"true\" class=\"e-font-icon-svg e-fas-download\" viewbox=\"0 0 512 512\" xmlns=\"http:\/\/www.w3.org\/2000\/svg\"><path d=\"M216 0h80c13.3 0 24 10.7 24 24v168h87.7c17.8 0 26.7 21.5 14.1 34.1L269.7 378.3c-7.5 7.5-19.8 7.5-27.3 0L90.1 226.1c-12.6-12.6-3.7-34.1 14.1-34.1H192V24c0-13.3 10.7-24 24-24zm296 376v112c0 13.3-10.7 24-24 24H24c-13.3 0-24-10.7-24-24V376c0-13.3 10.7-24 24-24h146.7l49 49c20.1 20.1 52.5 20.1 72.6 0l49-49H488c13.3 0 24 10.7 24 24zm-124 88c0-11-9-20-20-20s-20 9-20 20 9 20 20 20 20-9 20-20zm64 0c0-11-9-20-20-20s-20 9-20 20 9 20 20 20 20-9 20-20z\"><\/path><\/svg>\t\t\t<\/span>\n\t\t\t\t\t\t\t\t\t<span class=\"elementor-button-text\">Tirant To Blanch<\/span>\n\t\t\t\t\t<\/span>\n\t\t\t\t\t<\/a>\n\t\t\t\t\t\t\t\t<\/div>\n\t\t\t\t<div class=\"elementor-element elementor-element-d4e264d elementor-align-center elementor-widget elementor-widget-button\" data-id=\"d4e264d\" data-element_type=\"widget\" data-e-type=\"widget\" data-widget_type=\"button.default\">\n\t\t\t\t\t\t\t\t\t\t<a class=\"elementor-button elementor-button-link elementor-size-sm\" href=\"https:\/\/ciicis.ups.edu.ec\/wp-content\/uploads\/sites\/33\/2026\/03\/MANUAL-DE-ESTILO-ABYA-YALA.pdf\" target=\"_blank\">\n\t\t\t\t\t\t<span class=\"elementor-button-content-wrapper\">\n\t\t\t\t\t\t<span class=\"elementor-button-icon\">\n\t\t\t\t<svg aria-hidden=\"true\" class=\"e-font-icon-svg e-fas-download\" viewbox=\"0 0 512 512\" xmlns=\"http:\/\/www.w3.org\/2000\/svg\"><path d=\"M216 0h80c13.3 0 24 10.7 24 24v168h87.7c17.8 0 26.7 21.5 14.1 34.1L269.7 378.3c-7.5 7.5-19.8 7.5-27.3 0L90.1 226.1c-12.6-12.6-3.7-34.1 14.1-34.1H192V24c0-13.3 10.7-24 24-24zm296 376v112c0 13.3-10.7 24-24 24H24c-13.3 0-24-10.7-24-24V376c0-13.3 10.7-24 24-24h146.7l49 49c20.1 20.1 52.5 20.1 72.6 0l49-49H488c13.3 0 24 10.7 24 24zm-124 88c0-11-9-20-20-20s-20 9-20 20 9 20 20 20 20-9 20-20zm64 0c0-11-9-20-20-20s-20 9-20 20 9 20 20 20 20-9 20-20z\"><\/path><\/svg>\t\t\t<\/span>\n\t\t\t\t\t\t\t\t\t<span class=\"elementor-button-text\">Manual de Estilo Abya Yala<\/span>\n\t\t\t\t\t<\/span>\n\t\t\t\t\t<\/a>\n\t\t\t\t\t\t\t\t<\/div>\n\t\t\t\t<div class=\"elementor-element elementor-element-634512b elementor-align-center elementor-widget elementor-widget-button\" data-id=\"634512b\" data-element_type=\"widget\" data-e-type=\"widget\" data-widget_type=\"button.default\">\n\t\t\t\t\t\t\t\t\t\t<a class=\"elementor-button elementor-button-link elementor-size-sm\" href=\"https:\/\/ciicis.ups.edu.ec\/wp-content\/uploads\/sites\/33\/2026\/03\/Manual-de-estilo-CIICIS-2026.pdf\" target=\"_blank\">\n\t\t\t\t\t\t<span class=\"elementor-button-content-wrapper\">\n\t\t\t\t\t\t<span class=\"elementor-button-icon\">\n\t\t\t\t<svg aria-hidden=\"true\" class=\"e-font-icon-svg e-fas-book\" viewbox=\"0 0 448 512\" xmlns=\"http:\/\/www.w3.org\/2000\/svg\"><path d=\"M448 360V24c0-13.3-10.7-24-24-24H96C43 0 0 43 0 96v320c0 53 43 96 96 96h328c13.3 0 24-10.7 24-24v-16c0-7.5-3.5-14.3-8.9-18.7-4.2-15.4-4.2-59.3 0-74.7 5.4-4.3 8.9-11.1 8.9-18.6zM128 134c0-3.3 2.7-6 6-6h212c3.3 0 6 2.7 6 6v20c0 3.3-2.7 6-6 6H134c-3.3 0-6-2.7-6-6v-20zm0 64c0-3.3 2.7-6 6-6h212c3.3 0 6 2.7 6 6v20c0 3.3-2.7 6-6 6H134c-3.3 0-6-2.7-6-6v-20zm253.4 250H96c-17.7 0-32-14.3-32-32 0-17.6 14.4-32 32-32h285.4c-1.9 17.1-1.9 46.9 0 64z\"><\/path><\/svg>\t\t\t<\/span>\n\t\t\t\t\t\t\t\t\t<span class=\"elementor-button-text\">Manual de Estilo CIICIS<\/span>\n\t\t\t\t\t<\/span>\n\t\t\t\t\t<\/a>\n\t\t\t\t\t\t\t\t<\/div>\n\t\t\t\t<div class=\"elementor-element elementor-element-b51d7d7 elementor-align-center elementor-widget elementor-widget-button\" data-id=\"b51d7d7\" data-element_type=\"widget\" data-e-type=\"widget\" data-widget_type=\"button.default\">\n\t\t\t\t\t\t\t\t\t\t<a class=\"elementor-button elementor-button-link elementor-size-sm\" href=\"https:\/\/easychair.org\/my2\/conference?conf=ciicis2026\" target=\"_blank\">\n\t\t\t\t\t\t<span class=\"elementor-button-content-wrapper\">\n\t\t\t\t\t\t\t\t\t<span class=\"elementor-button-text\">Submit Proposal<\/span>\n\t\t\t\t\t<\/span>\n\t\t\t\t\t<\/a>\n\t\t\t\t\t\t\t\t<\/div>\n\t\t\t\t<\/div>\n\t\t\t\t\t<\/div>\n\t\t\t\t<\/div>\n\t\t\t\t<\/div>","protected":false},"excerpt":{"rendered":"<p>Env\u00edo de Propuesta Easy Chair Para asegurar su postulaci\u00f3n y evaluaci\u00f3n de su art\u00edculo, por favor, siga los siguientes pasos:\u00a0\u00a01. Acceso al portal:\u00a0\u00a0Ingrese al enlace oficial del congreso en EasyChair mediante el bot\u00f3n\u00a0\u201cEnviar propuesta\u201d.\u00a02. Registro:\u00a0\u00a0Si a\u00fan no tiene una cuenta, cree una con un correo institucional o personal vigente.3. Carga de documentos:\u00a0\u00a0Suba su manuscrito en&#8230;<\/p>","protected":false},"author":6,"featured_media":0,"parent":0,"menu_order":0,"comment_status":"closed","ping_status":"closed","template":"","meta":{"_kadence_starter_templates_imported_post":false,"_kad_post_transparent":"","_kad_post_title":"hide","_kad_post_layout":"fullwidth","_kad_post_sidebar_id":"","_kad_post_content_style":"unboxed","_kad_post_vertical_padding":"hide","_kad_post_feature":"hide","_kad_post_feature_position":"","_kad_post_header":false,"_kad_post_footer":false,"_kad_post_classname":"","footnotes":""},"class_list":["post-2048","page","type-page","status-publish","hentry"],"yoast_head":"<!-- This site is optimized with the Yoast SEO plugin v27.1.1 - https:\/\/yoast.com\/product\/yoast-seo-wordpress\/ -->\n<title>Easy Chair - I Congreso Internacional Interdisciplinario de Ciencias Sociales<\/title>\n<meta name=\"robots\" content=\"index, follow, max-snippet:-1, max-image-preview:large, max-video-preview:-1\" \/>\n<link rel=\"canonical\" href=\"https:\/\/ciicis.ups.edu.ec\/en\/easy-chair\/\" \/>\n<meta property=\"og:locale\" content=\"en_US\" \/>\n<meta property=\"og:type\" content=\"article\" \/>\n<meta property=\"og:title\" content=\"Easy Chair - I Congreso Internacional Interdisciplinario de Ciencias Sociales\" \/>\n<meta property=\"og:description\" content=\"Env\u00edo de Propuesta Easy Chair Para asegurar su postulaci\u00f3n y evaluaci\u00f3n de su art\u00edculo, por favor, siga los siguientes pasos:\u00a0\u00a01. Acceso al portal:\u00a0\u00a0Ingrese al enlace oficial del congreso en EasyChair mediante el bot\u00f3n\u00a0\u201cEnviar propuesta\u201d.\u00a02. Registro:\u00a0\u00a0Si a\u00fan no tiene una cuenta, cree una con un correo institucional o personal vigente.3. Carga de documentos:\u00a0\u00a0Suba su manuscrito en...\" \/>\n<meta property=\"og:url\" content=\"https:\/\/ciicis.ups.edu.ec\/en\/easy-chair\/\" \/>\n<meta property=\"og:site_name\" content=\"I Congreso Internacional Interdisciplinario de Ciencias Sociales\" \/>\n<meta property=\"article:modified_time\" content=\"2026-03-16T13:50:49+00:00\" \/>\n<meta property=\"og:image\" content=\"https:\/\/ciicis.ups.edu.ec\/wp-content\/uploads\/sites\/33\/2026\/02\/easy-chair.jpg\" \/>\n<meta name=\"twitter:card\" content=\"summary_large_image\" \/>\n<meta name=\"twitter:label1\" content=\"Est. reading time\" \/>\n\t<meta name=\"twitter:data1\" content=\"1 minute\" \/>\n<script type=\"application\/ld+json\" class=\"yoast-schema-graph\">{\"@context\":\"https:\/\/schema.org\",\"@graph\":[{\"@type\":\"WebPage\",\"@id\":\"https:\/\/ciicis.ups.edu.ec\/easy-chair\/\",\"url\":\"https:\/\/ciicis.ups.edu.ec\/easy-chair\/\",\"name\":\"Easy Chair - I Congreso Internacional Interdisciplinario de Ciencias Sociales\",\"isPartOf\":{\"@id\":\"https:\/\/ciicis.ups.edu.ec\/#website\"},\"primaryImageOfPage\":{\"@id\":\"https:\/\/ciicis.ups.edu.ec\/easy-chair\/#primaryimage\"},\"image\":{\"@id\":\"https:\/\/ciicis.ups.edu.ec\/easy-chair\/#primaryimage\"},\"thumbnailUrl\":\"https:\/\/ciicis.ups.edu.ec\/wp-content\/uploads\/sites\/33\/2026\/02\/easy-chair.jpg\",\"datePublished\":\"2026-02-12T15:33:59+00:00\",\"dateModified\":\"2026-03-16T13:50:49+00:00\",\"breadcrumb\":{\"@id\":\"https:\/\/ciicis.ups.edu.ec\/easy-chair\/#breadcrumb\"},\"inLanguage\":\"en-US\",\"potentialAction\":[{\"@type\":\"ReadAction\",\"target\":[\"https:\/\/ciicis.ups.edu.ec\/easy-chair\/\"]}]},{\"@type\":\"ImageObject\",\"inLanguage\":\"en-US\",\"@id\":\"https:\/\/ciicis.ups.edu.ec\/easy-chair\/#primaryimage\",\"url\":\"https:\/\/ciicis.ups.edu.ec\/wp-content\/uploads\/sites\/33\/2026\/02\/easy-chair.jpg\",\"contentUrl\":\"https:\/\/ciicis.ups.edu.ec\/wp-content\/uploads\/sites\/33\/2026\/02\/easy-chair.jpg\"},{\"@type\":\"BreadcrumbList\",\"@id\":\"https:\/\/ciicis.ups.edu.ec\/easy-chair\/#breadcrumb\",\"itemListElement\":[{\"@type\":\"ListItem\",\"position\":1,\"name\":\"Portada\",\"item\":\"https:\/\/ciicis.ups.edu.ec\/\"},{\"@type\":\"ListItem\",\"position\":2,\"name\":\"Easy Chair\"}]},{\"@type\":\"WebSite\",\"@id\":\"https:\/\/ciicis.ups.edu.ec\/#website\",\"url\":\"https:\/\/ciicis.ups.edu.ec\/\",\"name\":\"I Congreso Internacional Interdisciplinario de Ciencias Sociales\",\"description\":\"I Congreso Internacional Interdisciplinario de Ciencias Sociales\",\"publisher\":{\"@id\":\"https:\/\/ciicis.ups.edu.ec\/#organization\"},\"potentialAction\":[{\"@type\":\"SearchAction\",\"target\":{\"@type\":\"EntryPoint\",\"urlTemplate\":\"https:\/\/ciicis.ups.edu.ec\/?s={search_term_string}\"},\"query-input\":{\"@type\":\"PropertyValueSpecification\",\"valueRequired\":true,\"valueName\":\"search_term_string\"}}],\"inLanguage\":\"en-US\"},{\"@type\":\"Organization\",\"@id\":\"https:\/\/ciicis.ups.edu.ec\/#organization\",\"name\":\"I Congreso Internacional Interdisciplinario de Ciencias Sociales\",\"url\":\"https:\/\/ciicis.ups.edu.ec\/\",\"logo\":{\"@type\":\"ImageObject\",\"inLanguage\":\"en-US\",\"@id\":\"https:\/\/ciicis.ups.edu.ec\/#\/schema\/logo\/image\/\",\"url\":\"https:\/\/ciicis.ups.edu.ec\/wp-content\/uploads\/sites\/33\/2026\/02\/ciicis-azul.png\",\"contentUrl\":\"https:\/\/ciicis.ups.edu.ec\/wp-content\/uploads\/sites\/33\/2026\/02\/ciicis-azul.png\",\"width\":587,\"height\":189,\"caption\":\"I Congreso Internacional Interdisciplinario de Ciencias Sociales\"},\"image\":{\"@id\":\"https:\/\/ciicis.ups.edu.ec\/#\/schema\/logo\/image\/\"}}]}<\/script>\n<!-- \/ Yoast SEO plugin. -->","yoast_head_json":{"title":"Easy Chair - I Congreso Internacional Interdisciplinario de Ciencias Sociales","robots":{"index":"index","follow":"follow","max-snippet":"max-snippet:-1","max-image-preview":"max-image-preview:large","max-video-preview":"max-video-preview:-1"},"canonical":"https:\/\/ciicis.ups.edu.ec\/en\/easy-chair\/","og_locale":"en_US","og_type":"article","og_title":"Easy Chair - I Congreso Internacional Interdisciplinario de Ciencias Sociales","og_description":"Env\u00edo de Propuesta Easy Chair Para asegurar su postulaci\u00f3n y evaluaci\u00f3n de su art\u00edculo, por favor, siga los siguientes pasos:\u00a0\u00a01. Acceso al portal:\u00a0\u00a0Ingrese al enlace oficial del congreso en EasyChair mediante el bot\u00f3n\u00a0\u201cEnviar propuesta\u201d.\u00a02. Registro:\u00a0\u00a0Si a\u00fan no tiene una cuenta, cree una con un correo institucional o personal vigente.3. Carga de documentos:\u00a0\u00a0Suba su manuscrito en...","og_url":"https:\/\/ciicis.ups.edu.ec\/en\/easy-chair\/","og_site_name":"I Congreso Internacional Interdisciplinario de Ciencias Sociales","article_modified_time":"2026-03-16T13:50:49+00:00","og_image":[{"url":"https:\/\/ciicis.ups.edu.ec\/wp-content\/uploads\/sites\/33\/2026\/02\/easy-chair.jpg","type":"","width":"","height":""}],"twitter_card":"summary_large_image","twitter_misc":{"Est. reading time":"1 minute"},"schema":{"@context":"https:\/\/schema.org","@graph":[{"@type":"WebPage","@id":"https:\/\/ciicis.ups.edu.ec\/easy-chair\/","url":"https:\/\/ciicis.ups.edu.ec\/easy-chair\/","name":"Easy Chair - I Congreso Internacional Interdisciplinario de Ciencias Sociales","isPartOf":{"@id":"https:\/\/ciicis.ups.edu.ec\/#website"},"primaryImageOfPage":{"@id":"https:\/\/ciicis.ups.edu.ec\/easy-chair\/#primaryimage"},"image":{"@id":"https:\/\/ciicis.ups.edu.ec\/easy-chair\/#primaryimage"},"thumbnailUrl":"https:\/\/ciicis.ups.edu.ec\/wp-content\/uploads\/sites\/33\/2026\/02\/easy-chair.jpg","datePublished":"2026-02-12T15:33:59+00:00","dateModified":"2026-03-16T13:50:49+00:00","breadcrumb":{"@id":"https:\/\/ciicis.ups.edu.ec\/easy-chair\/#breadcrumb"},"inLanguage":"en-US","potentialAction":[{"@type":"ReadAction","target":["https:\/\/ciicis.ups.edu.ec\/easy-chair\/"]}]},{"@type":"ImageObject","inLanguage":"en-US","@id":"https:\/\/ciicis.ups.edu.ec\/easy-chair\/#primaryimage","url":"https:\/\/ciicis.ups.edu.ec\/wp-content\/uploads\/sites\/33\/2026\/02\/easy-chair.jpg","contentUrl":"https:\/\/ciicis.ups.edu.ec\/wp-content\/uploads\/sites\/33\/2026\/02\/easy-chair.jpg"},{"@type":"BreadcrumbList","@id":"https:\/\/ciicis.ups.edu.ec\/easy-chair\/#breadcrumb","itemListElement":[{"@type":"ListItem","position":1,"name":"Portada","item":"https:\/\/ciicis.ups.edu.ec\/"},{"@type":"ListItem","position":2,"name":"Easy Chair"}]},{"@type":"WebSite","@id":"https:\/\/ciicis.ups.edu.ec\/#website","url":"https:\/\/ciicis.ups.edu.ec\/","name":"First International Interdisciplinary Congress of Social Sciences","description":"First International Interdisciplinary Congress of Social Sciences","publisher":{"@id":"https:\/\/ciicis.ups.edu.ec\/#organization"},"potentialAction":[{"@type":"SearchAction","target":{"@type":"EntryPoint","urlTemplate":"https:\/\/ciicis.ups.edu.ec\/?s={search_term_string}"},"query-input":{"@type":"PropertyValueSpecification","valueRequired":true,"valueName":"search_term_string"}}],"inLanguage":"en-US"},{"@type":"Organization","@id":"https:\/\/ciicis.ups.edu.ec\/#organization","name":"First International Interdisciplinary Congress of Social Sciences","url":"https:\/\/ciicis.ups.edu.ec\/","logo":{"@type":"ImageObject","inLanguage":"en-US","@id":"https:\/\/ciicis.ups.edu.ec\/#\/schema\/logo\/image\/","url":"https:\/\/ciicis.ups.edu.ec\/wp-content\/uploads\/sites\/33\/2026\/02\/ciicis-azul.png","contentUrl":"https:\/\/ciicis.ups.edu.ec\/wp-content\/uploads\/sites\/33\/2026\/02\/ciicis-azul.png","width":587,"height":189,"caption":"I Congreso Internacional Interdisciplinario de Ciencias Sociales"},"image":{"@id":"https:\/\/ciicis.ups.edu.ec\/#\/schema\/logo\/image\/"}}]}},"_links":{"self":[{"href":"https:\/\/ciicis.ups.edu.ec\/en\/wp-json\/wp\/v2\/pages\/2048","targetHints":{"allow":["GET"]}}],"collection":[{"href":"https:\/\/ciicis.ups.edu.ec\/en\/wp-json\/wp\/v2\/pages"}],"about":[{"href":"https:\/\/ciicis.ups.edu.ec\/en\/wp-json\/wp\/v2\/types\/page"}],"author":[{"embeddable":true,"href":"https:\/\/ciicis.ups.edu.ec\/en\/wp-json\/wp\/v2\/users\/6"}],"replies":[{"embeddable":true,"href":"https:\/\/ciicis.ups.edu.ec\/en\/wp-json\/wp\/v2\/comments?post=2048"}],"version-history":[{"count":22,"href":"https:\/\/ciicis.ups.edu.ec\/en\/wp-json\/wp\/v2\/pages\/2048\/revisions"}],"predecessor-version":[{"id":2185,"href":"https:\/\/ciicis.ups.edu.ec\/en\/wp-json\/wp\/v2\/pages\/2048\/revisions\/2185"}],"wp:attachment":[{"href":"https:\/\/ciicis.ups.edu.ec\/en\/wp-json\/wp\/v2\/media?parent=2048"}],"curies":[{"name":"wp","href":"https:\/\/api.w.org\/{rel}","templated":true}]}}